{"id":3,"date":"2021-01-08T16:07:33","date_gmt":"2021-01-08T15:07:33","guid":{"rendered":"https:\/\/dons.institut-iliade.com\/?page_id=3"},"modified":"2025-08-21T16:25:17","modified_gmt":"2025-08-21T14:25:17","slug":"mentions-legales","status":"publish","type":"page","link":"https:\/\/polemia.com\/faireundon\/mentions-legales\/","title":{"rendered":"Mentions l\u00e9gales"},"content":{"rendered":"<h3>H\u00e9bergeur<\/h3>\n<p>Le site polemia.com est h\u00e9berg\u00e9 par OVH, soci\u00e9t\u00e9 de droit fran\u00e7ais au capital de 10 069 020 \u20ac, \u00e9lisant domicile \u00e0 2 rue Kellermann 59100 Roubaix (France), TVA FR 22 424 761 419, repr\u00e9sent\u00e9e par son dirigeant l\u00e9gal Octave Klaba.<\/p>\n<h3>\u00c9diteur du site<\/h3>\n<p>POL\u00c9MIA (association loi 1901), dont le si\u00e8ge est situ\u00e9 BP 125 27800 Brionne.<\/p>\n<h3>Responsable de la publication<\/h3>\n<p>Jean-Yves Le Gallou (<a href=\"mailto:contact@polemia.com\">contact@polemia.com<\/a>), pr\u00e9sident de l&rsquo;association.<\/p>\n<h3>Responsable du traitement des donn\u00e9es<\/h3>\n<p>Jean-Yves Le Gallou, POL\u00c9MIA, BP 125 27800 Brionne.<\/p>\n<h3>D\u00e9finitions<\/h3>\n<p><strong>Utilisateur :<\/strong> tout professionnel ou personne physique capable au sens des articles 1123 et suivants du Code civil ou personne morale, qui visite le site objet des pr\u00e9sentes conditions g\u00e9n\u00e9rales.<\/p>\n<p><strong>Prestations et Services :<\/strong> polemia.com fournit un service de dons en ligne \u00e0 ses utilisateurs.<\/p>\n<p><strong>Contenu :<\/strong> ensemble des \u00e9l\u00e9ments constituants l\u2019information pr\u00e9sente sur le site, notamment textes, images et vid\u00e9os.<\/p>\n<p><strong>Donn\u00e9es utilisateurs :<\/strong> Ci-apr\u00e8s d\u00e9nomm\u00e9 \u00ab Information(s) \u00bb, les donn\u00e9es utilisateur correspondent \u00e0 l\u2019ensemble des donn\u00e9es personnelles susceptibles d\u2019\u00eatre d\u00e9tenues par polemia.com pour la gestion de la relation avec l\u2019utilisateur et \u00e0 des fins d\u2019analyse, de statistiques et de contact.<\/p>\n<p><strong>Informations personnelles :<\/strong> \u00ab Les informations qui permettent, sous quelque forme que ce soit, directement ou non, l\u2019identification des personnes physiques auxquelles elles s\u2019appliquent \u00bb (article 4 de la loi n\u00b0 78-17 du 6 janvier 1978). Les termes \u00ab donn\u00e9es \u00e0 caract\u00e8re personnel \u00bb, \u00ab personne concern\u00e9e \u00bb, \u00ab sous-traitant \u00bb et \u00ab donn\u00e9es sensibles \u00bb ont le sens d\u00e9fini par le R\u00e8glement g\u00e9n\u00e9ral sur la protection des donn\u00e9es (RGPD 2016-679).<\/p>\n","protected":false},"excerpt":{"rendered":"<p>H\u00e9bergeur Le site polemia.com est h\u00e9berg\u00e9 par OVH, soci\u00e9t\u00e9 de droit fran\u00e7ais au capital de 10 069 020 \u20ac, \u00e9lisant domicile \u00e0 2 rue Kellermann 59100 Roubaix (France), TVA FR 22 424 761 419, repr\u00e9sent\u00e9e par son dirigeant l\u00e9gal Octave Klaba. \u00c9diteur du site POL\u00c9MIA (association loi 1901), dont le si\u00e8ge est situ\u00e9 BP 125 [&hellip;]<\/p>\n","protected":false},"author":1,"featured_media":0,"parent":0,"menu_order":0,"comment_status":"closed","ping_status":"closed","template":"","meta":{"_et_pb_use_builder":"off","_et_pb_old_content":"","_et_gb_content_width":"","footnotes":""},"class_list":["post-3","page","type-page","status-publish","hentry"],"yoast_head":"<!-- This site is optimized with the Yoast SEO plugin v27.3 - https:\/\/yoast.com\/product\/yoast-seo-wordpress\/ -->\n<title>Mentions l\u00e9gales | Pol\u00e9mia<\/title>\n<meta name=\"description\" content=\"Le site asmip.fr est h\u00e9berg\u00e9 par OVH, soci\u00e9t\u00e9 de droit fran\u00e7ais au capital de 10 069 020 \u20ac, \u00e9lisant domicile \u00e0 2 rue Kellermann 59100 Roubaix (France), TVA FR 22 424 761 419, repr\u00e9sent\u00e9e par son dirigeant l\u00e9gal Octave Klaba.\" \/>\n<meta name=\"robots\" content=\"index, follow, max-snippet:-1, max-image-preview:large, max-video-preview:-1\" \/>\n<link rel=\"canonical\" href=\"https:\/\/polemia.com\/faireundon\/mentions-legales\/\" \/>\n<meta property=\"og:locale\" content=\"fr_FR\" \/>\n<meta property=\"og:type\" content=\"article\" \/>\n<meta property=\"og:title\" content=\"Mentions l\u00e9gales | Pol\u00e9mia\" \/>\n<meta property=\"og:description\" content=\"Le site asmip.fr est h\u00e9berg\u00e9 par OVH, soci\u00e9t\u00e9 de droit fran\u00e7ais au capital de 10 069 020 \u20ac, \u00e9lisant domicile \u00e0 2 rue Kellermann 59100 Roubaix (France), TVA FR 22 424 761 419, repr\u00e9sent\u00e9e par son dirigeant l\u00e9gal Octave Klaba.\" \/>\n<meta property=\"og:url\" content=\"https:\/\/polemia.com\/faireundon\/mentions-legales\/\" \/>\n<meta property=\"og:site_name\" content=\"Pol\u00e9mia\" \/>\n<meta property=\"article:publisher\" content=\"https:\/\/www.facebook.com\/fondation.polemia\/\" \/>\n<meta property=\"article:modified_time\" content=\"2025-08-21T14:25:17+00:00\" \/>\n<meta property=\"og:image\" content=\"https:\/\/polemia.com\/faireundon\/wp-content\/uploads\/2021\/01\/une-asmip-bis-1.jpg\" \/>\n\t<meta property=\"og:image:width\" content=\"1920\" \/>\n\t<meta property=\"og:image:height\" content=\"1080\" \/>\n\t<meta property=\"og:image:type\" content=\"image\/jpeg\" \/>\n<meta name=\"twitter:card\" content=\"summary_large_image\" \/>\n<meta name=\"twitter:site\" content=\"@_polemia\" \/>\n<meta name=\"twitter:label1\" content=\"Dur\u00e9e de lecture estim\u00e9e\" \/>\n\t<meta name=\"twitter:data1\" content=\"2 minutes\" \/>\n<script type=\"application\/ld+json\" class=\"yoast-schema-graph\">{\"@context\":\"https:\\\/\\\/schema.org\",\"@graph\":[{\"@type\":\"WebPage\",\"@id\":\"https:\\\/\\\/polemia.com\\\/faireundon\\\/mentions-legales\\\/\",\"url\":\"https:\\\/\\\/polemia.com\\\/faireundon\\\/mentions-legales\\\/\",\"name\":\"Mentions l\u00e9gales | Pol\u00e9mia\",\"isPartOf\":{\"@id\":\"https:\\\/\\\/polemia.com\\\/faireundon\\\/#website\"},\"datePublished\":\"2021-01-08T15:07:33+00:00\",\"dateModified\":\"2025-08-21T14:25:17+00:00\",\"description\":\"Le site asmip.fr est h\u00e9berg\u00e9 par OVH, soci\u00e9t\u00e9 de droit fran\u00e7ais au capital de 10 069 020 \u20ac, \u00e9lisant domicile \u00e0 2 rue Kellermann 59100 Roubaix (France), TVA FR 22 424 761 419, repr\u00e9sent\u00e9e par son dirigeant l\u00e9gal Octave Klaba.\",\"breadcrumb\":{\"@id\":\"https:\\\/\\\/polemia.com\\\/faireundon\\\/mentions-legales\\\/#breadcrumb\"},\"inLanguage\":\"fr-FR\",\"potentialAction\":[{\"@type\":\"ReadAction\",\"target\":[\"https:\\\/\\\/polemia.com\\\/faireundon\\\/mentions-legales\\\/\"]}]},{\"@type\":\"BreadcrumbList\",\"@id\":\"https:\\\/\\\/polemia.com\\\/faireundon\\\/mentions-legales\\\/#breadcrumb\",\"itemListElement\":[{\"@type\":\"ListItem\",\"position\":1,\"name\":\"Accueil\",\"item\":\"https:\\\/\\\/polemia.com\\\/faireundon\\\/\"},{\"@type\":\"ListItem\",\"position\":2,\"name\":\"Mentions l\u00e9gales\"}]},{\"@type\":\"WebSite\",\"@id\":\"https:\\\/\\\/polemia.com\\\/faireundon\\\/#website\",\"url\":\"https:\\\/\\\/polemia.com\\\/faireundon\\\/\",\"name\":\"POL\u00c9MIA\",\"description\":\"Faire un don\",\"publisher\":{\"@id\":\"https:\\\/\\\/polemia.com\\\/faireundon\\\/#organization\"},\"alternateName\":\"Association de soutien aux mouvements identitaires et patriotes\",\"potentialAction\":[{\"@type\":\"SearchAction\",\"target\":{\"@type\":\"EntryPoint\",\"urlTemplate\":\"https:\\\/\\\/polemia.com\\\/faireundon\\\/?s={search_term_string}\"},\"query-input\":{\"@type\":\"PropertyValueSpecification\",\"valueRequired\":true,\"valueName\":\"search_term_string\"}}],\"inLanguage\":\"fr-FR\"},{\"@type\":\"Organization\",\"@id\":\"https:\\\/\\\/polemia.com\\\/faireundon\\\/#organization\",\"name\":\"POL\u00c9MIA\",\"url\":\"https:\\\/\\\/polemia.com\\\/faireundon\\\/\",\"logo\":{\"@type\":\"ImageObject\",\"inLanguage\":\"fr-FR\",\"@id\":\"https:\\\/\\\/polemia.com\\\/faireundon\\\/#\\\/schema\\\/logo\\\/image\\\/\",\"url\":\"https:\\\/\\\/polemia.com\\\/faireundon\\\/wp-content\\\/uploads\\\/2025\\\/08\\\/og-image.jpg\",\"contentUrl\":\"https:\\\/\\\/polemia.com\\\/faireundon\\\/wp-content\\\/uploads\\\/2025\\\/08\\\/og-image.jpg\",\"width\":1200,\"height\":680,\"caption\":\"POL\u00c9MIA\"},\"image\":{\"@id\":\"https:\\\/\\\/polemia.com\\\/faireundon\\\/#\\\/schema\\\/logo\\\/image\\\/\"},\"sameAs\":[\"https:\\\/\\\/www.facebook.com\\\/fondation.polemia\\\/\",\"https:\\\/\\\/x.com\\\/_polemia\",\"https:\\\/\\\/www.youtube.com\\\/channel\\\/UCMf8__hXS4X7j2eTY37Mqiw\"]}]}<\/script>\n<!-- \/ Yoast SEO plugin. -->","yoast_head_json":{"title":"Mentions l\u00e9gales | Pol\u00e9mia","description":"Le site asmip.fr est h\u00e9berg\u00e9 par OVH, soci\u00e9t\u00e9 de droit fran\u00e7ais au capital de 10 069 020 \u20ac, \u00e9lisant domicile \u00e0 2 rue Kellermann 59100 Roubaix (France), TVA FR 22 424 761 419, repr\u00e9sent\u00e9e par son dirigeant l\u00e9gal Octave Klaba.","robots":{"index":"index","follow":"follow","max-snippet":"max-snippet:-1","max-image-preview":"max-image-preview:large","max-video-preview":"max-video-preview:-1"},"canonical":"https:\/\/polemia.com\/faireundon\/mentions-legales\/","og_locale":"fr_FR","og_type":"article","og_title":"Mentions l\u00e9gales | Pol\u00e9mia","og_description":"Le site asmip.fr est h\u00e9berg\u00e9 par OVH, soci\u00e9t\u00e9 de droit fran\u00e7ais au capital de 10 069 020 \u20ac, \u00e9lisant domicile \u00e0 2 rue Kellermann 59100 Roubaix (France), TVA FR 22 424 761 419, repr\u00e9sent\u00e9e par son dirigeant l\u00e9gal Octave Klaba.","og_url":"https:\/\/polemia.com\/faireundon\/mentions-legales\/","og_site_name":"Pol\u00e9mia","article_publisher":"https:\/\/www.facebook.com\/fondation.polemia\/","article_modified_time":"2025-08-21T14:25:17+00:00","og_image":[{"width":1920,"height":1080,"url":"https:\/\/polemia.com\/faireundon\/wp-content\/uploads\/2021\/01\/une-asmip-bis-1.jpg","type":"image\/jpeg"}],"twitter_card":"summary_large_image","twitter_site":"@_polemia","twitter_misc":{"Dur\u00e9e de lecture estim\u00e9e":"2 minutes"},"schema":{"@context":"https:\/\/schema.org","@graph":[{"@type":"WebPage","@id":"https:\/\/polemia.com\/faireundon\/mentions-legales\/","url":"https:\/\/polemia.com\/faireundon\/mentions-legales\/","name":"Mentions l\u00e9gales | Pol\u00e9mia","isPartOf":{"@id":"https:\/\/polemia.com\/faireundon\/#website"},"datePublished":"2021-01-08T15:07:33+00:00","dateModified":"2025-08-21T14:25:17+00:00","description":"Le site asmip.fr est h\u00e9berg\u00e9 par OVH, soci\u00e9t\u00e9 de droit fran\u00e7ais au capital de 10 069 020 \u20ac, \u00e9lisant domicile \u00e0 2 rue Kellermann 59100 Roubaix (France), TVA FR 22 424 761 419, repr\u00e9sent\u00e9e par son dirigeant l\u00e9gal Octave Klaba.","breadcrumb":{"@id":"https:\/\/polemia.com\/faireundon\/mentions-legales\/#breadcrumb"},"inLanguage":"fr-FR","potentialAction":[{"@type":"ReadAction","target":["https:\/\/polemia.com\/faireundon\/mentions-legales\/"]}]},{"@type":"BreadcrumbList","@id":"https:\/\/polemia.com\/faireundon\/mentions-legales\/#breadcrumb","itemListElement":[{"@type":"ListItem","position":1,"name":"Accueil","item":"https:\/\/polemia.com\/faireundon\/"},{"@type":"ListItem","position":2,"name":"Mentions l\u00e9gales"}]},{"@type":"WebSite","@id":"https:\/\/polemia.com\/faireundon\/#website","url":"https:\/\/polemia.com\/faireundon\/","name":"POL\u00c9MIA","description":"Faire un don","publisher":{"@id":"https:\/\/polemia.com\/faireundon\/#organization"},"alternateName":"Association de soutien aux mouvements identitaires et patriotes","potentialAction":[{"@type":"SearchAction","target":{"@type":"EntryPoint","urlTemplate":"https:\/\/polemia.com\/faireundon\/?s={search_term_string}"},"query-input":{"@type":"PropertyValueSpecification","valueRequired":true,"valueName":"search_term_string"}}],"inLanguage":"fr-FR"},{"@type":"Organization","@id":"https:\/\/polemia.com\/faireundon\/#organization","name":"POL\u00c9MIA","url":"https:\/\/polemia.com\/faireundon\/","logo":{"@type":"ImageObject","inLanguage":"fr-FR","@id":"https:\/\/polemia.com\/faireundon\/#\/schema\/logo\/image\/","url":"https:\/\/polemia.com\/faireundon\/wp-content\/uploads\/2025\/08\/og-image.jpg","contentUrl":"https:\/\/polemia.com\/faireundon\/wp-content\/uploads\/2025\/08\/og-image.jpg","width":1200,"height":680,"caption":"POL\u00c9MIA"},"image":{"@id":"https:\/\/polemia.com\/faireundon\/#\/schema\/logo\/image\/"},"sameAs":["https:\/\/www.facebook.com\/fondation.polemia\/","https:\/\/x.com\/_polemia","https:\/\/www.youtube.com\/channel\/UCMf8__hXS4X7j2eTY37Mqiw"]}]}},"_links":{"self":[{"href":"https:\/\/polemia.com\/faireundon\/wp-json\/wp\/v2\/pages\/3","targetHints":{"allow":["GET"]}}],"collection":[{"href":"https:\/\/polemia.com\/faireundon\/wp-json\/wp\/v2\/pages"}],"about":[{"href":"https:\/\/polemia.com\/faireundon\/wp-json\/wp\/v2\/types\/page"}],"author":[{"embeddable":true,"href":"https:\/\/polemia.com\/faireundon\/wp-json\/wp\/v2\/users\/1"}],"replies":[{"embeddable":true,"href":"https:\/\/polemia.com\/faireundon\/wp-json\/wp\/v2\/comments?post=3"}],"version-history":[{"count":22,"href":"https:\/\/polemia.com\/faireundon\/wp-json\/wp\/v2\/pages\/3\/revisions"}],"predecessor-version":[{"id":20398,"href":"https:\/\/polemia.com\/faireundon\/wp-json\/wp\/v2\/pages\/3\/revisions\/20398"}],"wp:attachment":[{"href":"https:\/\/polemia.com\/faireundon\/wp-json\/wp\/v2\/media?parent=3"}],"curies":[{"name":"wp","href":"https:\/\/api.w.org\/{rel}","templated":true}]}}