{"id":2,"date":"2021-01-08T16:07:33","date_gmt":"2021-01-08T15:07:33","guid":{"rendered":"https:\/\/dons.institut-iliade.com\/?page_id=2"},"modified":"2026-04-01T01:21:02","modified_gmt":"2026-03-31T23:21:02","slug":"accueil","status":"publish","type":"page","link":"https:\/\/polemia.com\/faireundon\/","title":{"rendered":"Accueil"},"content":{"rendered":"<p>[et_pb_section fb_built=\u00a0\u00bb1&Prime; custom_padding_last_edited=\u00a0\u00bbon|tablet\u00a0\u00bb admin_label=\u00a0\u00bbsection\u00a0\u00bb _builder_version=\u00a0\u00bb4.27.5&Prime; background_color=\u00a0\u00bb#f8f7fc\u00a0\u00bb background_enable_image=\u00a0\u00bboff\u00a0\u00bb custom_margin=\u00a0\u00bb0px||0px||false|false\u00a0\u00bb custom_padding=\u00a0\u00bb0px||40px||false|false\u00a0\u00bb custom_padding_tablet=\u00a0\u00bb\u00a0\u00bb custom_padding_phone=\u00a0\u00bb\u00a0\u00bb collapsed=\u00a0\u00bboff\u00a0\u00bb global_colors_info=\u00a0\u00bb{}\u00a0\u00bb][et_pb_row disabled_on=\u00a0\u00bboff|off|off\u00a0\u00bb admin_label=\u00a0\u00bbNouveau formulaire propuls\u00e9 par WooCommerce\u00a0\u00bb _builder_version=\u00a0\u00bb4.27.5&Prime; _module_preset=\u00a0\u00bbdefault\u00a0\u00bb background_color=\u00a0\u00bb#FFFFFF\u00a0\u00bb width=\u00a0\u00bb90%\u00a0\u00bb max_width=\u00a0\u00bb800px\u00a0\u00bb custom_margin=\u00a0\u00bb||40px||false|false\u00a0\u00bb custom_padding=\u00a0\u00bb10px|0px|0px|0px|false|false\u00a0\u00bb border_radii=\u00a0\u00bbon|8px|8px|8px|8px\u00a0\u00bb box_shadow_style=\u00a0\u00bbpreset3&Prime; global_colors_info=\u00a0\u00bb{}\u00a0\u00bb][et_pb_column type=\u00a0\u00bb4_4&Prime; _builder_version=\u00a0\u00bb4.19.3&Prime; _module_preset=\u00a0\u00bbdefault\u00a0\u00bb global_colors_info=\u00a0\u00bb{}\u00a0\u00bb][et_pb_text disabled_on=\u00a0\u00bbon|on|on\u00a0\u00bb admin_label=\u00a0\u00bbTexte : %22Nous avons constitu\u00e9 un dossier exceptionnel&#8230;\u00a0\u00bb _builder_version=\u00a0\u00bb4.27.5&Prime; _module_preset=\u00a0\u00bbdefault\u00a0\u00bb header_3_font=\u00a0\u00bbMontserrat|800|||||||\u00a0\u00bb header_3_text_color=\u00a0\u00bb#414141&Prime; header_3_line_height=\u00a0\u00bb1.4em\u00a0\u00bb custom_padding=\u00a0\u00bb15px|30px|0px|30px|false|false\u00a0\u00bb disabled=\u00a0\u00bbon\u00a0\u00bb global_colors_info=\u00a0\u00bb{}\u00a0\u00bb]<\/p>\n<h1>Faire un don \u00e0 Pol\u00e9mia en 2026<\/h1>\n<p>Pol\u00e9mia s&rsquo;engage sur ce d\u00e9but d&rsquo;ann\u00e9e 2026 \u00e0 mener 3 premi\u00e8res batailles. Am\u00e9liorer son <a href=\"https:\/\/ia.polemia.com\/\" target=\"_blank\" rel=\"noopener\">IA alternative<\/a> pour en faire un outil efficace et largement utilis\u00e9, cr\u00e9er un dossier et une infographie pour recenser (et d\u00e9noncer !) les \u00ab\u00a0200 familles\u00a0\u00bb qui gouvernent la France, et enfin relancer les Bobards d&rsquo;Or sur un tout nouveau format. Pour cela, nous avons besoin de vous !<br \/>Faire un don \u00e0 Pol\u00e9mia, c&rsquo;est faire un don pour faire vivre et gagner ses id\u00e9es.<\/p>\n<p>[\/et_pb_text][et_pb_image src=\u00a0\u00bbhttps:\/\/polemia.com\/faireundon\/wp-content\/uploads\/2026\/04\/banniere_module_don.jpg\u00a0\u00bb alt=\u00a0\u00bbFaire un don\u00a0\u00bb title_text=\u00a0\u00bbFaire un don\u00a0\u00bb _builder_version=\u00a0\u00bb4.27.6&Prime; _module_preset=\u00a0\u00bbdefault\u00a0\u00bb global_colors_info=\u00a0\u00bb{}\u00a0\u00bb][\/et_pb_image][et_pb_text admin_label=\u00a0\u00bbNouveau formulaire propuls\u00e9 par WooCommerce (shortcode)\u00a0\u00bb _builder_version=\u00a0\u00bb4.27.5&Prime; _module_preset=\u00a0\u00bbdefault\u00a0\u00bb header_3_font=\u00a0\u00bbMontserrat|800|||||||\u00a0\u00bb header_3_text_color=\u00a0\u00bb#414141&Prime; header_3_line_height=\u00a0\u00bb1.4em\u00a0\u00bb custom_padding=\u00a0\u00bb0px|30px|30px|30px|false|false\u00a0\u00bb global_colors_info=\u00a0\u00bb{}\u00a0\u00bb]        <style>\n                            :root {\n                    --wcdp-main:\n                        #ededed                    ;\n                    --wcdp-main-2:\n                        #447cbf                    ;\n                    --wcdp-label-text-checked: white;\n                }\n\n                @keyframes wcdp-progress {\n                    0% {\n                        width: 0;\n                    }\n                }\n\n                .wcdp-progress-style-2 {\n    margin-bottom: 1em;\n    }\n    .wcdp-progress-style-2 .wcdp-emphasized {\n    font-size: 1.7em;\n    font-weight: bold;\n    }\n    .wcdp-progress-style-2 .wcdp-thermometer {\n    height: 1em;\n    border-radius: 0.5em;\n    }\n    .wcdp-progress-style-2 .wcdp-thermometer-bg {\n    background-color: var(--wcdp-main);\n    margin: 0;\n    height: 1em;\n    }\n    .wcdp-progress-style-2 .wcdp-progress > .wcdp-thermometer-fg {\n    background-color: var(--wcdp-main-2);\n    margin-top: -1em;\n    animation: wcdp-progress 1s ease-in;\n    }\n    .wcdp-progress-style-2 .wcdp-column {\n    float: left;\n    width: 50%;\n    }\n    .wcdp-progress-style-2 .wcdp-column:nth-child(2) {\n    text-align:right;\n    }\n    .wcdp-progress-style-2 .wcdp-progress-row:after {\n    content: \"\";\n    display: table;\n    clear: both;\n    }\n<\/style>\n\n<div class=\"wcdp-fundraising-progress wcdp-progress-style-2\">\n    <div class=\"wcdp-progress-row\">\n                    <div class=\"wcdp-column\"> <span class=\"wcdp-emphasized\">3.742,00&nbsp;&euro;<\/span> re\u00e7us sur <span class=\"wcdp-normal\">20.000,00&nbsp;&euro;<\/span> <\/div>         <div class=\"wcdp-column\">\n                    <\/div>\n    <\/div>\n            <div class=\"wcdp-progress\" role=\"progressbar\" aria-valuenow=\"3742\" aria-valuemin=\"0\"\n            aria-valuemax=\"20000\" aria-label=\"3.742,00&nbsp;&euro; raised of 20.000,00&nbsp;&euro; goal\">\n            <div class=\"wcdp-thermometer wcdp-thermometer-bg\"><\/div>\n            <div class=\"wcdp-thermometer wcdp-thermometer-fg\" style=\"width: 18.71%\"><\/div>\n        <\/div>\n    <\/div><\/p>\n<p><ul class=\"woocommerce-error wcdp-error-message\" id=\"wcdp-ajax-error\" role=\"alert\"><li>Dans la vue actuelle, le formulaire de don n&#039;est pas disponible.<\/li><\/ul>[\/et_pb_text][\/et_pb_column][\/et_pb_row][et_pb_row disabled_on=\u00a0\u00bbon|on|on\u00a0\u00bb _builder_version=\u00a0\u00bb4.27.5&Prime; _module_preset=\u00a0\u00bbdefault\u00a0\u00bb width=\u00a0\u00bb90%\u00a0\u00bb width_tablet=\u00a0\u00bb90%\u00a0\u00bb width_phone=\u00a0\u00bb96%\u00a0\u00bb width_last_edited=\u00a0\u00bbon|phone\u00a0\u00bb max_width=\u00a0\u00bb810px\u00a0\u00bb disabled=\u00a0\u00bbon\u00a0\u00bb global_colors_info=\u00a0\u00bb{}\u00a0\u00bb][et_pb_column type=\u00a0\u00bb4_4&Prime; _builder_version=\u00a0\u00bb4.27.5&Prime; _module_preset=\u00a0\u00bbdefault\u00a0\u00bb global_colors_info=\u00a0\u00bb{}\u00a0\u00bb][et_pb_text _builder_version=\u00a0\u00bb4.27.5&Prime; _module_preset=\u00a0\u00bbdefault\u00a0\u00bb global_colors_info=\u00a0\u00bb{}\u00a0\u00bb]<\/p>\n<p>[koinonikos_donation_form donation_id=\u00a0\u00bb19897&Prime; layout=\u00a0\u00bbsix-buttons\u00a0\u00bb]<\/p>\n<p>[\/et_pb_text][\/et_pb_column][\/et_pb_row][\/et_pb_section]<\/p>\n","protected":false},"excerpt":{"rendered":"<p>Soutenez durablement les actions de POL\u00c9MIA ! Un don r\u00e9gulier nous offre la stabilit\u00e9 n\u00e9cessaire pour conduire nos campagnes avec constance et efficacit\u00e9.<\/p>\n","protected":false},"author":1,"featured_media":21434,"parent":0,"menu_order":0,"comment_status":"closed","ping_status":"closed","template":"","meta":{"_et_pb_use_builder":"on","_et_pb_old_content":"[give_form id=\"17116\"]","_et_gb_content_width":"","footnotes":""},"class_list":["post-2","page","type-page","status-publish","has-post-thumbnail","hentry"],"yoast_head":"<!-- This site is optimized with the Yoast SEO plugin v27.3 - https:\/\/yoast.com\/product\/yoast-seo-wordpress\/ -->\n<title>Faire un don | Pol\u00e9mia<\/title>\n<meta name=\"description\" content=\"Soutenez durablement les actions de POL\u00c9MIA ! Un don r\u00e9gulier nous offre la stabilit\u00e9 n\u00e9cessaire pour conduire nos campagnes avec constance et efficacit\u00e9.\" \/>\n<meta name=\"robots\" content=\"index, follow, max-snippet:-1, max-image-preview:large, max-video-preview:-1\" \/>\n<link rel=\"canonical\" href=\"https:\/\/polemia.com\/faireundon\/\" \/>\n<meta property=\"og:locale\" content=\"fr_FR\" \/>\n<meta property=\"og:type\" content=\"article\" \/>\n<meta property=\"og:title\" content=\"Faire un don | Pol\u00e9mia\" \/>\n<meta property=\"og:description\" content=\"Soutenez durablement les actions de POL\u00c9MIA ! Un don r\u00e9gulier nous offre la stabilit\u00e9 n\u00e9cessaire pour conduire nos campagnes avec constance et efficacit\u00e9.\" \/>\n<meta property=\"og:url\" content=\"https:\/\/polemia.com\/faireundon\/\" \/>\n<meta property=\"og:site_name\" content=\"Pol\u00e9mia\" \/>\n<meta property=\"article:publisher\" content=\"https:\/\/www.facebook.com\/fondation.polemia\/\" \/>\n<meta property=\"article:modified_time\" content=\"2026-03-31T23:21:02+00:00\" \/>\n<meta property=\"og:image\" content=\"https:\/\/polemia.com\/faireundon\/wp-content\/uploads\/2026\/04\/banniere_module_don.jpg\" \/>\n\t<meta property=\"og:image:width\" content=\"1280\" \/>\n\t<meta property=\"og:image:height\" content=\"720\" \/>\n\t<meta property=\"og:image:type\" content=\"image\/jpeg\" \/>\n<meta name=\"twitter:card\" content=\"summary_large_image\" \/>\n<meta name=\"twitter:title\" content=\"Faire un don | Pol\u00e9mia\" \/>\n<meta name=\"twitter:image\" content=\"https:\/\/polemia.com\/faireundon\/wp-content\/uploads\/2026\/04\/banniere_module_don.jpg\" \/>\n<meta name=\"twitter:site\" content=\"@_polemia\" \/>\n<meta name=\"twitter:label1\" content=\"Dur\u00e9e de lecture estim\u00e9e\" \/>\n\t<meta name=\"twitter:data1\" content=\"1 minute\" \/>\n<script type=\"application\/ld+json\" class=\"yoast-schema-graph\">{\"@context\":\"https:\\\/\\\/schema.org\",\"@graph\":[{\"@type\":\"WebPage\",\"@id\":\"https:\\\/\\\/polemia.com\\\/faireundon\\\/\",\"url\":\"https:\\\/\\\/polemia.com\\\/faireundon\\\/\",\"name\":\"Faire un don | Pol\u00e9mia\",\"isPartOf\":{\"@id\":\"https:\\\/\\\/polemia.com\\\/faireundon\\\/#website\"},\"primaryImageOfPage\":{\"@id\":\"https:\\\/\\\/polemia.com\\\/faireundon\\\/#primaryimage\"},\"image\":{\"@id\":\"https:\\\/\\\/polemia.com\\\/faireundon\\\/#primaryimage\"},\"thumbnailUrl\":\"https:\\\/\\\/polemia.com\\\/faireundon\\\/wp-content\\\/uploads\\\/2026\\\/04\\\/banniere_module_don.jpg\",\"datePublished\":\"2021-01-08T15:07:33+00:00\",\"dateModified\":\"2026-03-31T23:21:02+00:00\",\"description\":\"Soutenez durablement les actions de POL\u00c9MIA ! Un don r\u00e9gulier nous offre la stabilit\u00e9 n\u00e9cessaire pour conduire nos campagnes avec constance et efficacit\u00e9.\",\"breadcrumb\":{\"@id\":\"https:\\\/\\\/polemia.com\\\/faireundon\\\/#breadcrumb\"},\"inLanguage\":\"fr-FR\",\"potentialAction\":[{\"@type\":\"ReadAction\",\"target\":[\"https:\\\/\\\/polemia.com\\\/faireundon\\\/\"]}]},{\"@type\":\"ImageObject\",\"inLanguage\":\"fr-FR\",\"@id\":\"https:\\\/\\\/polemia.com\\\/faireundon\\\/#primaryimage\",\"url\":\"https:\\\/\\\/polemia.com\\\/faireundon\\\/wp-content\\\/uploads\\\/2026\\\/04\\\/banniere_module_don.jpg\",\"contentUrl\":\"https:\\\/\\\/polemia.com\\\/faireundon\\\/wp-content\\\/uploads\\\/2026\\\/04\\\/banniere_module_don.jpg\",\"width\":1280,\"height\":720,\"caption\":\"Faire un don\"},{\"@type\":\"BreadcrumbList\",\"@id\":\"https:\\\/\\\/polemia.com\\\/faireundon\\\/#breadcrumb\",\"itemListElement\":[{\"@type\":\"ListItem\",\"position\":1,\"name\":\"Accueil\",\"item\":\"https:\\\/\\\/polemia.com\\\/faireundon\\\/\"},{\"@type\":\"ListItem\",\"position\":2,\"name\":\"Accueil\"}]},{\"@type\":\"WebSite\",\"@id\":\"https:\\\/\\\/polemia.com\\\/faireundon\\\/#website\",\"url\":\"https:\\\/\\\/polemia.com\\\/faireundon\\\/\",\"name\":\"POL\u00c9MIA\",\"description\":\"Faire un don\",\"publisher\":{\"@id\":\"https:\\\/\\\/polemia.com\\\/faireundon\\\/#organization\"},\"alternateName\":\"Association de soutien aux mouvements identitaires et patriotes\",\"potentialAction\":[{\"@type\":\"SearchAction\",\"target\":{\"@type\":\"EntryPoint\",\"urlTemplate\":\"https:\\\/\\\/polemia.com\\\/faireundon\\\/?s={search_term_string}\"},\"query-input\":{\"@type\":\"PropertyValueSpecification\",\"valueRequired\":true,\"valueName\":\"search_term_string\"}}],\"inLanguage\":\"fr-FR\"},{\"@type\":\"Organization\",\"@id\":\"https:\\\/\\\/polemia.com\\\/faireundon\\\/#organization\",\"name\":\"POL\u00c9MIA\",\"url\":\"https:\\\/\\\/polemia.com\\\/faireundon\\\/\",\"logo\":{\"@type\":\"ImageObject\",\"inLanguage\":\"fr-FR\",\"@id\":\"https:\\\/\\\/polemia.com\\\/faireundon\\\/#\\\/schema\\\/logo\\\/image\\\/\",\"url\":\"https:\\\/\\\/polemia.com\\\/faireundon\\\/wp-content\\\/uploads\\\/2025\\\/08\\\/og-image.jpg\",\"contentUrl\":\"https:\\\/\\\/polemia.com\\\/faireundon\\\/wp-content\\\/uploads\\\/2025\\\/08\\\/og-image.jpg\",\"width\":1200,\"height\":680,\"caption\":\"POL\u00c9MIA\"},\"image\":{\"@id\":\"https:\\\/\\\/polemia.com\\\/faireundon\\\/#\\\/schema\\\/logo\\\/image\\\/\"},\"sameAs\":[\"https:\\\/\\\/www.facebook.com\\\/fondation.polemia\\\/\",\"https:\\\/\\\/x.com\\\/_polemia\",\"https:\\\/\\\/www.youtube.com\\\/channel\\\/UCMf8__hXS4X7j2eTY37Mqiw\"]}]}<\/script>\n<!-- \/ Yoast SEO plugin. -->","yoast_head_json":{"title":"Faire un don | Pol\u00e9mia","description":"Soutenez durablement les actions de POL\u00c9MIA ! Un don r\u00e9gulier nous offre la stabilit\u00e9 n\u00e9cessaire pour conduire nos campagnes avec constance et efficacit\u00e9.","robots":{"index":"index","follow":"follow","max-snippet":"max-snippet:-1","max-image-preview":"max-image-preview:large","max-video-preview":"max-video-preview:-1"},"canonical":"https:\/\/polemia.com\/faireundon\/","og_locale":"fr_FR","og_type":"article","og_title":"Faire un don | Pol\u00e9mia","og_description":"Soutenez durablement les actions de POL\u00c9MIA ! Un don r\u00e9gulier nous offre la stabilit\u00e9 n\u00e9cessaire pour conduire nos campagnes avec constance et efficacit\u00e9.","og_url":"https:\/\/polemia.com\/faireundon\/","og_site_name":"Pol\u00e9mia","article_publisher":"https:\/\/www.facebook.com\/fondation.polemia\/","article_modified_time":"2026-03-31T23:21:02+00:00","og_image":[{"width":1280,"height":720,"url":"https:\/\/polemia.com\/faireundon\/wp-content\/uploads\/2026\/04\/banniere_module_don.jpg","type":"image\/jpeg"}],"twitter_card":"summary_large_image","twitter_title":"Faire un don | Pol\u00e9mia","twitter_image":"https:\/\/polemia.com\/faireundon\/wp-content\/uploads\/2026\/04\/banniere_module_don.jpg","twitter_site":"@_polemia","twitter_misc":{"Dur\u00e9e de lecture estim\u00e9e":"1 minute"},"schema":{"@context":"https:\/\/schema.org","@graph":[{"@type":"WebPage","@id":"https:\/\/polemia.com\/faireundon\/","url":"https:\/\/polemia.com\/faireundon\/","name":"Faire un don | Pol\u00e9mia","isPartOf":{"@id":"https:\/\/polemia.com\/faireundon\/#website"},"primaryImageOfPage":{"@id":"https:\/\/polemia.com\/faireundon\/#primaryimage"},"image":{"@id":"https:\/\/polemia.com\/faireundon\/#primaryimage"},"thumbnailUrl":"https:\/\/polemia.com\/faireundon\/wp-content\/uploads\/2026\/04\/banniere_module_don.jpg","datePublished":"2021-01-08T15:07:33+00:00","dateModified":"2026-03-31T23:21:02+00:00","description":"Soutenez durablement les actions de POL\u00c9MIA ! Un don r\u00e9gulier nous offre la stabilit\u00e9 n\u00e9cessaire pour conduire nos campagnes avec constance et efficacit\u00e9.","breadcrumb":{"@id":"https:\/\/polemia.com\/faireundon\/#breadcrumb"},"inLanguage":"fr-FR","potentialAction":[{"@type":"ReadAction","target":["https:\/\/polemia.com\/faireundon\/"]}]},{"@type":"ImageObject","inLanguage":"fr-FR","@id":"https:\/\/polemia.com\/faireundon\/#primaryimage","url":"https:\/\/polemia.com\/faireundon\/wp-content\/uploads\/2026\/04\/banniere_module_don.jpg","contentUrl":"https:\/\/polemia.com\/faireundon\/wp-content\/uploads\/2026\/04\/banniere_module_don.jpg","width":1280,"height":720,"caption":"Faire un don"},{"@type":"BreadcrumbList","@id":"https:\/\/polemia.com\/faireundon\/#breadcrumb","itemListElement":[{"@type":"ListItem","position":1,"name":"Accueil","item":"https:\/\/polemia.com\/faireundon\/"},{"@type":"ListItem","position":2,"name":"Accueil"}]},{"@type":"WebSite","@id":"https:\/\/polemia.com\/faireundon\/#website","url":"https:\/\/polemia.com\/faireundon\/","name":"POL\u00c9MIA","description":"Faire un don","publisher":{"@id":"https:\/\/polemia.com\/faireundon\/#organization"},"alternateName":"Association de soutien aux mouvements identitaires et patriotes","potentialAction":[{"@type":"SearchAction","target":{"@type":"EntryPoint","urlTemplate":"https:\/\/polemia.com\/faireundon\/?s={search_term_string}"},"query-input":{"@type":"PropertyValueSpecification","valueRequired":true,"valueName":"search_term_string"}}],"inLanguage":"fr-FR"},{"@type":"Organization","@id":"https:\/\/polemia.com\/faireundon\/#organization","name":"POL\u00c9MIA","url":"https:\/\/polemia.com\/faireundon\/","logo":{"@type":"ImageObject","inLanguage":"fr-FR","@id":"https:\/\/polemia.com\/faireundon\/#\/schema\/logo\/image\/","url":"https:\/\/polemia.com\/faireundon\/wp-content\/uploads\/2025\/08\/og-image.jpg","contentUrl":"https:\/\/polemia.com\/faireundon\/wp-content\/uploads\/2025\/08\/og-image.jpg","width":1200,"height":680,"caption":"POL\u00c9MIA"},"image":{"@id":"https:\/\/polemia.com\/faireundon\/#\/schema\/logo\/image\/"},"sameAs":["https:\/\/www.facebook.com\/fondation.polemia\/","https:\/\/x.com\/_polemia","https:\/\/www.youtube.com\/channel\/UCMf8__hXS4X7j2eTY37Mqiw"]}]}},"_links":{"self":[{"href":"https:\/\/polemia.com\/faireundon\/wp-json\/wp\/v2\/pages\/2","targetHints":{"allow":["GET"]}}],"collection":[{"href":"https:\/\/polemia.com\/faireundon\/wp-json\/wp\/v2\/pages"}],"about":[{"href":"https:\/\/polemia.com\/faireundon\/wp-json\/wp\/v2\/types\/page"}],"author":[{"embeddable":true,"href":"https:\/\/polemia.com\/faireundon\/wp-json\/wp\/v2\/users\/1"}],"replies":[{"embeddable":true,"href":"https:\/\/polemia.com\/faireundon\/wp-json\/wp\/v2\/comments?post=2"}],"version-history":[{"count":145,"href":"https:\/\/polemia.com\/faireundon\/wp-json\/wp\/v2\/pages\/2\/revisions"}],"predecessor-version":[{"id":21437,"href":"https:\/\/polemia.com\/faireundon\/wp-json\/wp\/v2\/pages\/2\/revisions\/21437"}],"wp:featuredmedia":[{"embeddable":true,"href":"https:\/\/polemia.com\/faireundon\/wp-json\/wp\/v2\/media\/21434"}],"wp:attachment":[{"href":"https:\/\/polemia.com\/faireundon\/wp-json\/wp\/v2\/media?parent=2"}],"curies":[{"name":"wp","href":"https:\/\/api.w.org\/{rel}","templated":true}]}}