{"id":19921,"date":"2025-08-05T10:27:36","date_gmt":"2025-08-05T08:27:36","guid":{"rendered":"https:\/\/www.asmip.fr\/?page_id=19921"},"modified":"2025-08-21T20:43:12","modified_gmt":"2025-08-21T18:43:12","slug":"conditions-generales-du-site","status":"publish","type":"page","link":"https:\/\/polemia.com\/faireundon\/conditions-generales-du-site\/","title":{"rendered":"Conditions g\u00e9n\u00e9rales du site"},"content":{"rendered":"<h3>Conditions g\u00e9n\u00e9rales d\u2019utilisation du site et des services propos\u00e9s<\/h3>\n<p>Le site constitue une \u0153uvre de l\u2019esprit prot\u00e9g\u00e9e par les dispositions du Code de la propri\u00e9t\u00e9 intellectuelle et des r\u00e9glementations internationales applicables.<\/p>\n<p>L\u2019utilisateur ne peut en aucune mani\u00e8re r\u00e9utiliser, c\u00e9der ou exploiter pour son propre compte tout ou partie des \u00e9l\u00e9ments ou travaux du site.<\/p>\n<p>L\u2019utilisation du site implique l\u2019acceptation pleine et enti\u00e8re des conditions g\u00e9n\u00e9rales d\u2019utilisation ci-apr\u00e8s d\u00e9crites. Ces conditions d\u2019utilisation sont susceptibles d\u2019\u00eatre modifi\u00e9es ou compl\u00e9t\u00e9es \u00e0 tout moment, les utilisateurs du site sont donc invit\u00e9s \u00e0 les consulter de mani\u00e8re r\u00e9guli\u00e8re.<\/p>\n<p>Ce site internet est normalement accessible \u00e0 tout moment aux utilisateurs. Une interruption pour raison de maintenance technique peut \u00eatre toutefois d\u00e9cid\u00e9e par POL\u00c9MIA, qui s\u2019efforcera alors de communiquer pr\u00e9alablement aux utilisateurs les dates et heures de l\u2019intervention.<\/p>\n<p>Les mentions l\u00e9gales peuvent \u00eatre modifi\u00e9es \u00e0 tout moment : elles s\u2019imposent n\u00e9anmoins \u00e0 l\u2019utilisateur qui est invit\u00e9 \u00e0 s\u2019y r\u00e9f\u00e9rer le plus souvent possible afin d\u2019en prendre connaissance.<\/p>\n<h3 style=\"margin-top: 25px;\">Description des services fournis<\/h3>\n<p>Le site internet POL\u00c9MIA a pour objet de fournir un module de dons \u00e0 ses utilisateurs.<\/p>\n<p>POL\u00c9MIA s\u2019efforce de fournir sur le site des informations aussi pr\u00e9cises que possible. Toutefois, il ne pourra pas \u00eatre tenu responsable des oublis, des inexactitudes et des carences dans la mise \u00e0 jour, qu\u2019elles soient de son fait ou du fait des tiers partenaires qui lui fournissent ces informations.<\/p>\n<p>Toutes les informations indiqu\u00e9es sur le site sont donn\u00e9es \u00e0 titre indicatif et sont susceptibles d\u2019\u00e9voluer. Les renseignements figurant sur le site ne sont pas exhaustifs. Ils sont donn\u00e9s sous r\u00e9serve de modifications ayant \u00e9t\u00e9 apport\u00e9es depuis leur mise en ligne.<\/p>\n<h3 style=\"margin-top: 25px;\">Limitations contractuelles sur les donn\u00e9es techniques<\/h3>\n<p>Le site est propuls\u00e9 par WordPress et utilise PHP et Javascript pour fonctionner.<\/p>\n<p>POL\u00c9MIA ne pourra \u00eatre tenue responsable de dommages mat\u00e9riels li\u00e9s \u00e0 l\u2019utilisation du site. De plus, l\u2019utilisateur s\u2019engage \u00e0 acc\u00e9der au site en utilisant un mat\u00e9riel r\u00e9cent, ne contenant pas de virus et avec un navigateur de derni\u00e8re g\u00e9n\u00e9ration mis-\u00e0-jour.<\/p>\n<p>Le site est h\u00e9berg\u00e9 chez un prestataire sur le territoire de l\u2019Union europ\u00e9enne conform\u00e9ment aux dispositions du R\u00e8glement g\u00e9n\u00e9ral sur la protection des donn\u00e9es (RGPD 2016-679).<\/p>\n<p>L\u2019objectif est d\u2019apporter une prestation qui garantit le meilleur taux d\u2019accessibilit\u00e9. L\u2019h\u00e9bergeur assure la continuit\u00e9 de son service 24 heures sur 24, tous les jours de l\u2019ann\u00e9e. Il se r\u00e9serve n\u00e9anmoins la possibilit\u00e9 d\u2019interrompre le service d\u2019h\u00e9bergement pour les dur\u00e9es les plus courtes possibles, notamment \u00e0 des fins de maintenance, d\u2019am\u00e9lioration de ses infrastructures, de d\u00e9faillance de ses infrastructures ou si les prestations et services g\u00e9n\u00e8rent un trafic r\u00e9put\u00e9 anormal.<\/p>\n<p>POL\u00c9MIA et l\u2019h\u00e9bergeur ne pourront \u00eatre tenus responsables en cas de dysfonctionnement du r\u00e9seau Internet, des lignes t\u00e9l\u00e9phoniques ou du mat\u00e9riel informatique et de t\u00e9l\u00e9phonie li\u00e9e notamment \u00e0 l\u2019encombrement du r\u00e9seau emp\u00eachant l\u2019acc\u00e8s au serveur.<\/p>\n<h3 style=\"margin-top: 25px;\">Propri\u00e9t\u00e9 intellectuelle et contrefa\u00e7ons<\/h3>\n<p>POL\u00c9MIA est d\u00e9tenteur des droits de propri\u00e9t\u00e9 intellectuelle et jouit des droits d\u2019usage sur tous les \u00e9l\u00e9ments accessibles sur le site internet, notamment les textes, images, graphismes, logos, vid\u00e9os, ic\u00f4nes et sons.<\/p>\n<p>Toute reproduction, repr\u00e9sentation, modification, publication, adaptation de tout ou partie des \u00e9l\u00e9ments du site, quel que soit le moyen ou le proc\u00e9d\u00e9 utilis\u00e9, est interdite, sauf autorisation \u00e9crite pr\u00e9alable de POL\u00c9MIA.<\/p>\n<p>Toute exploitation non autoris\u00e9e du site ou de l\u2019un quelconque des \u00e9l\u00e9ments qu\u2019il contient sera consid\u00e9r\u00e9e comme constitutive d\u2019une contrefa\u00e7on et poursuivie conform\u00e9ment aux dispositions des articles L.335-2 et suivants du Code de la propri\u00e9t\u00e9 intellectuelle.<\/p>\n<h3 style=\"margin-top: 25px;\">Limitations de responsabilit\u00e9<\/h3>\n<p>POL\u00c9MIA agit en tant qu\u2019\u00e9diteur du site. POL\u00c9MIA est responsable de la qualit\u00e9 et de la v\u00e9racit\u00e9 du contenu qu\u2019il publie.<\/p>\n<p>POL\u00c9MIA ne pourra \u00eatre tenu responsable des dommages directs et indirects caus\u00e9s au mat\u00e9riel de l\u2019utilisateur, lors de l\u2019acc\u00e8s au site internet POL\u00c9MIA, et r\u00e9sultant soit de l\u2019utilisation d\u2019un mat\u00e9riel ne r\u00e9pondant pas aux sp\u00e9cifications indiqu\u00e9es dans le paragraphe \u00ab Limitations contractuelles sur les donn\u00e9es techniques \u00bb, soit de l\u2019apparition d\u2019un bug ou d\u2019une incompatibilit\u00e9.<\/p>\n<p>POL\u00c9MIA ne pourra \u00e9galement \u00eatre tenu responsable des dommages indirects (tels par exemple qu\u2019une perte de march\u00e9 ou perte de chance) cons\u00e9cutifs \u00e0 l\u2019utilisation du site.<\/p>\n<p>Des espaces interactifs (espace donateur) peuvent \u00eatre mis \u00e0 la disposition des utilisateurs. POL\u00c9MIA se r\u00e9serve le droit de supprimer, sans mise en demeure pr\u00e9alable, tout contenu d\u00e9pos\u00e9 dans cet espace qui contreviendrait \u00e0 la l\u00e9gislation applicable en France, en particulier aux dispositions relatives \u00e0 la protection des donn\u00e9es. Le cas \u00e9ch\u00e9ant, POL\u00c9MIA se r\u00e9serve \u00e9galement la possibilit\u00e9 de mettre en cause la responsabilit\u00e9 civile et\/ou p\u00e9nale de l\u2019utilisateur, notamment en cas de message \u00e0 caract\u00e8re raciste, injurieux, diffamant ou pornographique, quel que soit le support.<\/p>\n","protected":false},"excerpt":{"rendered":"<p>Conditions g\u00e9n\u00e9rales d\u2019utilisation du site et des services propos\u00e9s Le site constitue une \u0153uvre de l\u2019esprit prot\u00e9g\u00e9e par les dispositions du Code de la propri\u00e9t\u00e9 intellectuelle et des r\u00e9glementations internationales applicables. L\u2019utilisateur ne peut en aucune mani\u00e8re r\u00e9utiliser, c\u00e9der ou exploiter pour son propre compte tout ou partie des \u00e9l\u00e9ments ou travaux du site. L\u2019utilisation [&hellip;]<\/p>\n","protected":false},"author":1,"featured_media":0,"parent":0,"menu_order":0,"comment_status":"closed","ping_status":"closed","template":"","meta":{"_et_pb_use_builder":"off","_et_pb_old_content":"","_et_gb_content_width":"","footnotes":""},"class_list":["post-19921","page","type-page","status-publish","hentry"],"yoast_head":"<!-- This site is optimized with the Yoast SEO plugin v27.3 - https:\/\/yoast.com\/product\/yoast-seo-wordpress\/ -->\n<title>Conditions g\u00e9n\u00e9rales du site | Pol\u00e9mia<\/title>\n<meta name=\"description\" content=\"Le site constitue une \u0153uvre de l\u2019esprit prot\u00e9g\u00e9e par les dispositions du Code de la propri\u00e9t\u00e9 intellectuelle et des r\u00e9glementations internationales applicables.\" \/>\n<meta name=\"robots\" content=\"index, follow, max-snippet:-1, max-image-preview:large, max-video-preview:-1\" \/>\n<link rel=\"canonical\" href=\"https:\/\/polemia.com\/faireundon\/conditions-generales-du-site\/\" \/>\n<meta property=\"og:locale\" content=\"fr_FR\" \/>\n<meta property=\"og:type\" content=\"article\" \/>\n<meta property=\"og:title\" content=\"Conditions g\u00e9n\u00e9rales du site | Pol\u00e9mia\" \/>\n<meta property=\"og:description\" content=\"Le site constitue une \u0153uvre de l\u2019esprit prot\u00e9g\u00e9e par les dispositions du Code de la propri\u00e9t\u00e9 intellectuelle et des r\u00e9glementations internationales applicables.\" \/>\n<meta property=\"og:url\" content=\"https:\/\/polemia.com\/faireundon\/conditions-generales-du-site\/\" \/>\n<meta property=\"og:site_name\" content=\"Pol\u00e9mia\" \/>\n<meta property=\"article:publisher\" content=\"https:\/\/www.facebook.com\/fondation.polemia\/\" \/>\n<meta property=\"article:modified_time\" content=\"2025-08-21T18:43:12+00:00\" \/>\n<meta property=\"og:image\" content=\"https:\/\/polemia.com\/faireundon\/wp-content\/uploads\/2025\/08\/faire-un-don-01.jpg\" \/>\n\t<meta property=\"og:image:width\" content=\"1280\" \/>\n\t<meta property=\"og:image:height\" content=\"720\" \/>\n\t<meta property=\"og:image:type\" content=\"image\/jpeg\" \/>\n<meta name=\"twitter:card\" content=\"summary_large_image\" \/>\n<meta name=\"twitter:site\" content=\"@_polemia\" \/>\n<meta name=\"twitter:label1\" content=\"Dur\u00e9e de lecture estim\u00e9e\" \/>\n\t<meta name=\"twitter:data1\" content=\"4 minutes\" \/>\n<script type=\"application\/ld+json\" class=\"yoast-schema-graph\">{\"@context\":\"https:\\\/\\\/schema.org\",\"@graph\":[{\"@type\":\"WebPage\",\"@id\":\"https:\\\/\\\/polemia.com\\\/faireundon\\\/conditions-generales-du-site\\\/\",\"url\":\"https:\\\/\\\/polemia.com\\\/faireundon\\\/conditions-generales-du-site\\\/\",\"name\":\"Conditions g\u00e9n\u00e9rales du site | Pol\u00e9mia\",\"isPartOf\":{\"@id\":\"https:\\\/\\\/polemia.com\\\/faireundon\\\/#website\"},\"datePublished\":\"2025-08-05T08:27:36+00:00\",\"dateModified\":\"2025-08-21T18:43:12+00:00\",\"description\":\"Le site constitue une \u0153uvre de l\u2019esprit prot\u00e9g\u00e9e par les dispositions du Code de la propri\u00e9t\u00e9 intellectuelle et des r\u00e9glementations internationales applicables.\",\"breadcrumb\":{\"@id\":\"https:\\\/\\\/polemia.com\\\/faireundon\\\/conditions-generales-du-site\\\/#breadcrumb\"},\"inLanguage\":\"fr-FR\",\"potentialAction\":[{\"@type\":\"ReadAction\",\"target\":[\"https:\\\/\\\/polemia.com\\\/faireundon\\\/conditions-generales-du-site\\\/\"]}]},{\"@type\":\"BreadcrumbList\",\"@id\":\"https:\\\/\\\/polemia.com\\\/faireundon\\\/conditions-generales-du-site\\\/#breadcrumb\",\"itemListElement\":[{\"@type\":\"ListItem\",\"position\":1,\"name\":\"Accueil\",\"item\":\"https:\\\/\\\/polemia.com\\\/faireundon\\\/\"},{\"@type\":\"ListItem\",\"position\":2,\"name\":\"Conditions g\u00e9n\u00e9rales du site\"}]},{\"@type\":\"WebSite\",\"@id\":\"https:\\\/\\\/polemia.com\\\/faireundon\\\/#website\",\"url\":\"https:\\\/\\\/polemia.com\\\/faireundon\\\/\",\"name\":\"POL\u00c9MIA\",\"description\":\"Faire un don\",\"publisher\":{\"@id\":\"https:\\\/\\\/polemia.com\\\/faireundon\\\/#organization\"},\"alternateName\":\"Association de soutien aux mouvements identitaires et patriotes\",\"potentialAction\":[{\"@type\":\"SearchAction\",\"target\":{\"@type\":\"EntryPoint\",\"urlTemplate\":\"https:\\\/\\\/polemia.com\\\/faireundon\\\/?s={search_term_string}\"},\"query-input\":{\"@type\":\"PropertyValueSpecification\",\"valueRequired\":true,\"valueName\":\"search_term_string\"}}],\"inLanguage\":\"fr-FR\"},{\"@type\":\"Organization\",\"@id\":\"https:\\\/\\\/polemia.com\\\/faireundon\\\/#organization\",\"name\":\"POL\u00c9MIA\",\"url\":\"https:\\\/\\\/polemia.com\\\/faireundon\\\/\",\"logo\":{\"@type\":\"ImageObject\",\"inLanguage\":\"fr-FR\",\"@id\":\"https:\\\/\\\/polemia.com\\\/faireundon\\\/#\\\/schema\\\/logo\\\/image\\\/\",\"url\":\"https:\\\/\\\/polemia.com\\\/faireundon\\\/wp-content\\\/uploads\\\/2025\\\/08\\\/og-image.jpg\",\"contentUrl\":\"https:\\\/\\\/polemia.com\\\/faireundon\\\/wp-content\\\/uploads\\\/2025\\\/08\\\/og-image.jpg\",\"width\":1200,\"height\":680,\"caption\":\"POL\u00c9MIA\"},\"image\":{\"@id\":\"https:\\\/\\\/polemia.com\\\/faireundon\\\/#\\\/schema\\\/logo\\\/image\\\/\"},\"sameAs\":[\"https:\\\/\\\/www.facebook.com\\\/fondation.polemia\\\/\",\"https:\\\/\\\/x.com\\\/_polemia\",\"https:\\\/\\\/www.youtube.com\\\/channel\\\/UCMf8__hXS4X7j2eTY37Mqiw\"]}]}<\/script>\n<!-- \/ Yoast SEO plugin. -->","yoast_head_json":{"title":"Conditions g\u00e9n\u00e9rales du site | Pol\u00e9mia","description":"Le site constitue une \u0153uvre de l\u2019esprit prot\u00e9g\u00e9e par les dispositions du Code de la propri\u00e9t\u00e9 intellectuelle et des r\u00e9glementations internationales applicables.","robots":{"index":"index","follow":"follow","max-snippet":"max-snippet:-1","max-image-preview":"max-image-preview:large","max-video-preview":"max-video-preview:-1"},"canonical":"https:\/\/polemia.com\/faireundon\/conditions-generales-du-site\/","og_locale":"fr_FR","og_type":"article","og_title":"Conditions g\u00e9n\u00e9rales du site | Pol\u00e9mia","og_description":"Le site constitue une \u0153uvre de l\u2019esprit prot\u00e9g\u00e9e par les dispositions du Code de la propri\u00e9t\u00e9 intellectuelle et des r\u00e9glementations internationales applicables.","og_url":"https:\/\/polemia.com\/faireundon\/conditions-generales-du-site\/","og_site_name":"Pol\u00e9mia","article_publisher":"https:\/\/www.facebook.com\/fondation.polemia\/","article_modified_time":"2025-08-21T18:43:12+00:00","og_image":[{"width":1280,"height":720,"url":"https:\/\/polemia.com\/faireundon\/wp-content\/uploads\/2025\/08\/faire-un-don-01.jpg","type":"image\/jpeg"}],"twitter_card":"summary_large_image","twitter_site":"@_polemia","twitter_misc":{"Dur\u00e9e de lecture estim\u00e9e":"4 minutes"},"schema":{"@context":"https:\/\/schema.org","@graph":[{"@type":"WebPage","@id":"https:\/\/polemia.com\/faireundon\/conditions-generales-du-site\/","url":"https:\/\/polemia.com\/faireundon\/conditions-generales-du-site\/","name":"Conditions g\u00e9n\u00e9rales du site | Pol\u00e9mia","isPartOf":{"@id":"https:\/\/polemia.com\/faireundon\/#website"},"datePublished":"2025-08-05T08:27:36+00:00","dateModified":"2025-08-21T18:43:12+00:00","description":"Le site constitue une \u0153uvre de l\u2019esprit prot\u00e9g\u00e9e par les dispositions du Code de la propri\u00e9t\u00e9 intellectuelle et des r\u00e9glementations internationales applicables.","breadcrumb":{"@id":"https:\/\/polemia.com\/faireundon\/conditions-generales-du-site\/#breadcrumb"},"inLanguage":"fr-FR","potentialAction":[{"@type":"ReadAction","target":["https:\/\/polemia.com\/faireundon\/conditions-generales-du-site\/"]}]},{"@type":"BreadcrumbList","@id":"https:\/\/polemia.com\/faireundon\/conditions-generales-du-site\/#breadcrumb","itemListElement":[{"@type":"ListItem","position":1,"name":"Accueil","item":"https:\/\/polemia.com\/faireundon\/"},{"@type":"ListItem","position":2,"name":"Conditions g\u00e9n\u00e9rales du site"}]},{"@type":"WebSite","@id":"https:\/\/polemia.com\/faireundon\/#website","url":"https:\/\/polemia.com\/faireundon\/","name":"POL\u00c9MIA","description":"Faire un don","publisher":{"@id":"https:\/\/polemia.com\/faireundon\/#organization"},"alternateName":"Association de soutien aux mouvements identitaires et patriotes","potentialAction":[{"@type":"SearchAction","target":{"@type":"EntryPoint","urlTemplate":"https:\/\/polemia.com\/faireundon\/?s={search_term_string}"},"query-input":{"@type":"PropertyValueSpecification","valueRequired":true,"valueName":"search_term_string"}}],"inLanguage":"fr-FR"},{"@type":"Organization","@id":"https:\/\/polemia.com\/faireundon\/#organization","name":"POL\u00c9MIA","url":"https:\/\/polemia.com\/faireundon\/","logo":{"@type":"ImageObject","inLanguage":"fr-FR","@id":"https:\/\/polemia.com\/faireundon\/#\/schema\/logo\/image\/","url":"https:\/\/polemia.com\/faireundon\/wp-content\/uploads\/2025\/08\/og-image.jpg","contentUrl":"https:\/\/polemia.com\/faireundon\/wp-content\/uploads\/2025\/08\/og-image.jpg","width":1200,"height":680,"caption":"POL\u00c9MIA"},"image":{"@id":"https:\/\/polemia.com\/faireundon\/#\/schema\/logo\/image\/"},"sameAs":["https:\/\/www.facebook.com\/fondation.polemia\/","https:\/\/x.com\/_polemia","https:\/\/www.youtube.com\/channel\/UCMf8__hXS4X7j2eTY37Mqiw"]}]}},"_links":{"self":[{"href":"https:\/\/polemia.com\/faireundon\/wp-json\/wp\/v2\/pages\/19921","targetHints":{"allow":["GET"]}}],"collection":[{"href":"https:\/\/polemia.com\/faireundon\/wp-json\/wp\/v2\/pages"}],"about":[{"href":"https:\/\/polemia.com\/faireundon\/wp-json\/wp\/v2\/types\/page"}],"author":[{"embeddable":true,"href":"https:\/\/polemia.com\/faireundon\/wp-json\/wp\/v2\/users\/1"}],"replies":[{"embeddable":true,"href":"https:\/\/polemia.com\/faireundon\/wp-json\/wp\/v2\/comments?post=19921"}],"version-history":[{"count":4,"href":"https:\/\/polemia.com\/faireundon\/wp-json\/wp\/v2\/pages\/19921\/revisions"}],"predecessor-version":[{"id":20388,"href":"https:\/\/polemia.com\/faireundon\/wp-json\/wp\/v2\/pages\/19921\/revisions\/20388"}],"wp:attachment":[{"href":"https:\/\/polemia.com\/faireundon\/wp-json\/wp\/v2\/media?parent=19921"}],"curies":[{"name":"wp","href":"https:\/\/api.w.org\/{rel}","templated":true}]}}